{"id":71,"date":"2022-05-23T07:56:40","date_gmt":"2022-05-23T07:56:40","guid":{"rendered":"http:\/\/tveddyreklinik.dk\/?page_id=71"},"modified":"2024-08-28T15:17:54","modified_gmt":"2024-08-28T15:17:54","slug":"betaling","status":"publish","type":"page","link":"http:\/\/tveddyreklinik.dk\/index.php\/betaling\/","title":{"rendered":"Ydelser"},"content":{"rendered":"\n<p>Vi har s\u00e6rlig kompetence indenfor bed\u00f8velse af &#8216;vilde&#8217; kvier og hjortedyr samt chip-m\u00e6rkning af &#8216;vilde dyr&#8217; (f.eks. hjortedyr) med brug af vores h\u00f8j-professionelle trykluftsgev\u00e6r (samme type, som bruges af zoologiske haver).<\/p>\n\n\n\n<p>Vi tilbyder kun de allermest almindelige ydelser til hund og kat for vores venner og naboer. Mere komplekse patienter henvises til et specialiseret sm\u00e5dyrshospital.<\/p>\n\n\n\n<p>Priser er altid efter aftale og inkluderer honorar, forbrugsvarer, k\u00f8rsel og moms. <\/p>\n","protected":false},"excerpt":{"rendered":"<p>Vi har s\u00e6rlig kompetence indenfor bed\u00f8velse af &#8216;vilde&#8217; kvier og hjortedyr samt chip-m\u00e6rkning af &#8216;vilde dyr&#8217; (f.eks. hjortedyr) med brug af vores h\u00f8j-professionelle trykluftsgev\u00e6r (samme type, som bruges af zoologiske haver). Vi tilbyder kun de allermest almindelige ydelser til hund og kat for vores venner og naboer. Mere komplekse patienter henvises til et specialiseret sm\u00e5dyrshospital. &hellip; <a href=\"http:\/\/tveddyreklinik.dk\/index.php\/betaling\/\" class=\"more-link\">L\u00e6s mere <span class=\"screen-reader-text\">Ydelser<\/span><\/a><\/p>\n","protected":false},"author":1,"featured_media":0,"parent":0,"menu_order":0,"comment_status":"closed","ping_status":"closed","template":"","meta":{"footnotes":""},"class_list":["post-71","page","type-page","status-publish","hentry"],"_links":{"self":[{"href":"http:\/\/tveddyreklinik.dk\/index.php\/wp-json\/wp\/v2\/pages\/71","targetHints":{"allow":["GET"]}}],"collection":[{"href":"http:\/\/tveddyreklinik.dk\/index.php\/wp-json\/wp\/v2\/pages"}],"about":[{"href":"http:\/\/tveddyreklinik.dk\/index.php\/wp-json\/wp\/v2\/types\/page"}],"author":[{"embeddable":true,"href":"http:\/\/tveddyreklinik.dk\/index.php\/wp-json\/wp\/v2\/users\/1"}],"replies":[{"embeddable":true,"href":"http:\/\/tveddyreklinik.dk\/index.php\/wp-json\/wp\/v2\/comments?post=71"}],"version-history":[{"count":96,"href":"http:\/\/tveddyreklinik.dk\/index.php\/wp-json\/wp\/v2\/pages\/71\/revisions"}],"predecessor-version":[{"id":362,"href":"http:\/\/tveddyreklinik.dk\/index.php\/wp-json\/wp\/v2\/pages\/71\/revisions\/362"}],"wp:attachment":[{"href":"http:\/\/tveddyreklinik.dk\/index.php\/wp-json\/wp\/v2\/media?parent=71"}],"curies":[{"name":"wp","href":"https:\/\/api.w.org\/{rel}","templated":true}]}}